{"id":17,"date":"2025-08-05T23:06:07","date_gmt":"2025-08-05T23:06:07","guid":{"rendered":"https:\/\/carmendiamon.com\/?page_id=17"},"modified":"2025-08-05T23:06:07","modified_gmt":"2025-08-05T23:06:07","slug":"cursos-y-formacion","status":"publish","type":"page","link":"https:\/\/carmendiamon.com\/index.php\/cursos-y-formacion\/","title":{"rendered":"Cursos y Formaci\u00f3n"},"content":{"rendered":"","protected":false},"excerpt":{"rendered":"","protected":false},"author":1,"featured_media":0,"parent":0,"menu_order":0,"comment_status":"closed","ping_status":"closed","template":"","meta":{"_eb_attr":"","site-sidebar-layout":"no-sidebar","site-content-layout":"","ast-site-content-layout":"full-width-container","site-content-style":"default","site-sidebar-style":"default","ast-global-header-display":"","ast-banner-title-visibility":"","ast-main-header-display":"","ast-hfb-above-header-display":"","ast-hfb-below-header-display":"","ast-hfb-mobile-header-display":"","site-post-title":"disabled","ast-breadcrumbs-content":"","ast-featured-img":"disabled","footer-sml-layout":"","theme-transparent-header-meta":"","adv-header-id-meta":"","stick-header-meta":"","header-above-stick-meta":"","header-main-stick-meta":"","header-below-stick-meta":"","astra-migrate-meta-layouts":"default","ast-page-background-enabled":"default","ast-page-background-meta":{"desktop":{"background-color":"var(--ast-global-color-5)","background-image":"","background-repeat":"repeat","background-position":"center center","background-size":"auto","background-attachment":"scroll","background-type":"","background-media":"","overlay-type":"","overlay-color":"","overlay-opacity":"","overlay-gradient":""},"tablet":{"background-color":"","background-image":"","background-repeat":"repeat","background-position":"center center","background-size":"auto","background-attachment":"scroll","background-type":"","background-media":"","overlay-type":"","overlay-color":"","overlay-opacity":"","overlay-gradient":""},"mobile":{"background-color":"","background-image":"","background-repeat":"repeat","background-position":"center center","background-size":"auto","background-attachment":"scroll","background-type":"","background-media":"","overlay-type":"","overlay-color":"","overlay-opacity":"","overlay-gradient":""}},"ast-content-background-meta":{"desktop":{"background-color":"var(--ast-global-color-4)","background-image":"","background-repeat":"repeat","background-position":"center center","background-size":"auto","background-attachment":"scroll","background-type":"","background-media":"","overlay-type":"","overlay-color":"","overlay-opacity":"","overlay-gradient":""},"tablet":{"background-color":"var(--ast-global-color-4)","background-image":"","background-repeat":"repeat","background-position":"center center","background-size":"auto","background-attachment":"scroll","background-type":"","background-media":"","overlay-type":"","overlay-color":"","overlay-opacity":"","overlay-gradient":""},"mobile":{"background-color":"var(--ast-global-color-4)","background-image":"","background-repeat":"repeat","background-position":"center center","background-size":"auto","background-attachment":"scroll","background-type":"","background-media":"","overlay-type":"","overlay-color":"","overlay-opacity":"","overlay-gradient":""}},"footnotes":""},"class_list":["post-17","page","type-page","status-publish","hentry"],"yoast_head":"<!-- This site is optimized with the Yoast SEO plugin v26.0 - https:\/\/yoast.com\/wordpress\/plugins\/seo\/ -->\n<title>Cursos y Formaci\u00f3n - Tu abogada de confianza<\/title>\n<meta name=\"robots\" content=\"index, follow, max-snippet:-1, max-image-preview:large, max-video-preview:-1\" \/>\n<link rel=\"canonical\" href=\"https:\/\/carmendiamon.com\/index.php\/cursos-y-formacion\/\" \/>\n<meta property=\"og:locale\" content=\"es_ES\" \/>\n<meta property=\"og:type\" content=\"article\" \/>\n<meta property=\"og:title\" content=\"Cursos y Formaci\u00f3n - Tu abogada de confianza\" \/>\n<meta property=\"og:url\" content=\"https:\/\/carmendiamon.com\/index.php\/cursos-y-formacion\/\" \/>\n<meta property=\"og:site_name\" content=\"Tu abogada de confianza\" \/>\n<meta property=\"article:publisher\" content=\"https:\/\/www.facebook.com\/abogado.carmendiamon\" \/>\n<meta name=\"twitter:card\" content=\"summary_large_image\" \/>\n<script type=\"application\/ld+json\" class=\"yoast-schema-graph\">{\"@context\":\"https:\/\/schema.org\",\"@graph\":[{\"@type\":\"WebPage\",\"@id\":\"https:\/\/carmendiamon.com\/index.php\/cursos-y-formacion\/\",\"url\":\"https:\/\/carmendiamon.com\/index.php\/cursos-y-formacion\/\",\"name\":\"Cursos y Formaci\u00f3n - Tu abogada de confianza\",\"isPartOf\":{\"@id\":\"https:\/\/carmendiamon.com\/#website\"},\"datePublished\":\"2025-08-05T23:06:07+00:00\",\"breadcrumb\":{\"@id\":\"https:\/\/carmendiamon.com\/index.php\/cursos-y-formacion\/#breadcrumb\"},\"inLanguage\":\"es\",\"potentialAction\":[{\"@type\":\"ReadAction\",\"target\":[\"https:\/\/carmendiamon.com\/index.php\/cursos-y-formacion\/\"]}]},{\"@type\":\"BreadcrumbList\",\"@id\":\"https:\/\/carmendiamon.com\/index.php\/cursos-y-formacion\/#breadcrumb\",\"itemListElement\":[{\"@type\":\"ListItem\",\"position\":1,\"name\":\"Portada\",\"item\":\"https:\/\/carmendiamon.com\/\"},{\"@type\":\"ListItem\",\"position\":2,\"name\":\"Cursos y Formaci\u00f3n\"}]},{\"@type\":\"WebSite\",\"@id\":\"https:\/\/carmendiamon.com\/#website\",\"url\":\"https:\/\/carmendiamon.com\/\",\"name\":\"Carmen Diamon | Asesor\u00eda y Tecnolog\u00eda Legal\",\"description\":\"\",\"publisher\":{\"@id\":\"https:\/\/carmendiamon.com\/#\/schema\/person\/44624ab628388b5d8d6ed91c9241a4ac\"},\"potentialAction\":[{\"@type\":\"SearchAction\",\"target\":{\"@type\":\"EntryPoint\",\"urlTemplate\":\"https:\/\/carmendiamon.com\/?s={search_term_string}\"},\"query-input\":{\"@type\":\"PropertyValueSpecification\",\"valueRequired\":true,\"valueName\":\"search_term_string\"}}],\"inLanguage\":\"es\"},{\"@type\":[\"Person\",\"Organization\"],\"@id\":\"https:\/\/carmendiamon.com\/#\/schema\/person\/44624ab628388b5d8d6ed91c9241a4ac\",\"name\":\"Carmen Diamon\",\"image\":{\"@type\":\"ImageObject\",\"inLanguage\":\"es\",\"@id\":\"https:\/\/carmendiamon.com\/#\/schema\/person\/image\/\",\"url\":\"https:\/\/carmendiamon.com\/wp-content\/uploads\/2025\/08\/cropped-cropped-PNG_Mesa-de-trabajo-1-7-scaled-1.png\",\"contentUrl\":\"https:\/\/carmendiamon.com\/wp-content\/uploads\/2025\/08\/cropped-cropped-PNG_Mesa-de-trabajo-1-7-scaled-1.png\",\"width\":511,\"height\":221,\"caption\":\"Carmen Diamon\"},\"logo\":{\"@id\":\"https:\/\/carmendiamon.com\/#\/schema\/person\/image\/\"},\"description\":\"Abogada con amplia experiencia en derecho corporativo, tecnolog\u00eda legal (LegalTech) y marketing jur\u00eddico. Ayudo a abogados a captar m\u00e1s clientes, optimizar su pr\u00e1ctica profesional y digitalizar sus servicios. Fundadora de Carmen Diamon Asesor\u00edas y Mentor\u00edas, un espacio dedicado a transformar el ejercicio del derecho con herramientas digitales, automatizaci\u00f3n y estrategias modernas de posicionamiento legal.\",\"sameAs\":[\"https:\/\/carmendiamon.com\",\"https:\/\/www.facebook.com\/abogado.carmendiamon\",\"https:\/\/www.instagram.com\/abogado.carmendiamon\"]}]}<\/script>\n<!-- \/ Yoast SEO plugin. -->","yoast_head_json":{"title":"Cursos y Formaci\u00f3n - Tu abogada de confianza","robots":{"index":"index","follow":"follow","max-snippet":"max-snippet:-1","max-image-preview":"max-image-preview:large","max-video-preview":"max-video-preview:-1"},"canonical":"https:\/\/carmendiamon.com\/index.php\/cursos-y-formacion\/","og_locale":"es_ES","og_type":"article","og_title":"Cursos y Formaci\u00f3n - Tu abogada de confianza","og_url":"https:\/\/carmendiamon.com\/index.php\/cursos-y-formacion\/","og_site_name":"Tu abogada de confianza","article_publisher":"https:\/\/www.facebook.com\/abogado.carmendiamon","twitter_card":"summary_large_image","schema":{"@context":"https:\/\/schema.org","@graph":[{"@type":"WebPage","@id":"https:\/\/carmendiamon.com\/index.php\/cursos-y-formacion\/","url":"https:\/\/carmendiamon.com\/index.php\/cursos-y-formacion\/","name":"Cursos y Formaci\u00f3n - Tu abogada de confianza","isPartOf":{"@id":"https:\/\/carmendiamon.com\/#website"},"datePublished":"2025-08-05T23:06:07+00:00","breadcrumb":{"@id":"https:\/\/carmendiamon.com\/index.php\/cursos-y-formacion\/#breadcrumb"},"inLanguage":"es","potentialAction":[{"@type":"ReadAction","target":["https:\/\/carmendiamon.com\/index.php\/cursos-y-formacion\/"]}]},{"@type":"BreadcrumbList","@id":"https:\/\/carmendiamon.com\/index.php\/cursos-y-formacion\/#breadcrumb","itemListElement":[{"@type":"ListItem","position":1,"name":"Portada","item":"https:\/\/carmendiamon.com\/"},{"@type":"ListItem","position":2,"name":"Cursos y Formaci\u00f3n"}]},{"@type":"WebSite","@id":"https:\/\/carmendiamon.com\/#website","url":"https:\/\/carmendiamon.com\/","name":"Carmen Diamon | Asesor\u00eda y Tecnolog\u00eda Legal","description":"","publisher":{"@id":"https:\/\/carmendiamon.com\/#\/schema\/person\/44624ab628388b5d8d6ed91c9241a4ac"},"potentialAction":[{"@type":"SearchAction","target":{"@type":"EntryPoint","urlTemplate":"https:\/\/carmendiamon.com\/?s={search_term_string}"},"query-input":{"@type":"PropertyValueSpecification","valueRequired":true,"valueName":"search_term_string"}}],"inLanguage":"es"},{"@type":["Person","Organization"],"@id":"https:\/\/carmendiamon.com\/#\/schema\/person\/44624ab628388b5d8d6ed91c9241a4ac","name":"Carmen Diamon","image":{"@type":"ImageObject","inLanguage":"es","@id":"https:\/\/carmendiamon.com\/#\/schema\/person\/image\/","url":"https:\/\/carmendiamon.com\/wp-content\/uploads\/2025\/08\/cropped-cropped-PNG_Mesa-de-trabajo-1-7-scaled-1.png","contentUrl":"https:\/\/carmendiamon.com\/wp-content\/uploads\/2025\/08\/cropped-cropped-PNG_Mesa-de-trabajo-1-7-scaled-1.png","width":511,"height":221,"caption":"Carmen Diamon"},"logo":{"@id":"https:\/\/carmendiamon.com\/#\/schema\/person\/image\/"},"description":"Abogada con amplia experiencia en derecho corporativo, tecnolog\u00eda legal (LegalTech) y marketing jur\u00eddico. Ayudo a abogados a captar m\u00e1s clientes, optimizar su pr\u00e1ctica profesional y digitalizar sus servicios. Fundadora de Carmen Diamon Asesor\u00edas y Mentor\u00edas, un espacio dedicado a transformar el ejercicio del derecho con herramientas digitales, automatizaci\u00f3n y estrategias modernas de posicionamiento legal.","sameAs":["https:\/\/carmendiamon.com","https:\/\/www.facebook.com\/abogado.carmendiamon","https:\/\/www.instagram.com\/abogado.carmendiamon"]}]}},"_links":{"self":[{"href":"https:\/\/carmendiamon.com\/index.php\/wp-json\/wp\/v2\/pages\/17","targetHints":{"allow":["GET"]}}],"collection":[{"href":"https:\/\/carmendiamon.com\/index.php\/wp-json\/wp\/v2\/pages"}],"about":[{"href":"https:\/\/carmendiamon.com\/index.php\/wp-json\/wp\/v2\/types\/page"}],"author":[{"embeddable":true,"href":"https:\/\/carmendiamon.com\/index.php\/wp-json\/wp\/v2\/users\/1"}],"replies":[{"embeddable":true,"href":"https:\/\/carmendiamon.com\/index.php\/wp-json\/wp\/v2\/comments?post=17"}],"version-history":[{"count":1,"href":"https:\/\/carmendiamon.com\/index.php\/wp-json\/wp\/v2\/pages\/17\/revisions"}],"predecessor-version":[{"id":18,"href":"https:\/\/carmendiamon.com\/index.php\/wp-json\/wp\/v2\/pages\/17\/revisions\/18"}],"wp:attachment":[{"href":"https:\/\/carmendiamon.com\/index.php\/wp-json\/wp\/v2\/media?parent=17"}],"curies":[{"name":"wp","href":"https:\/\/api.w.org\/{rel}","templated":true}]}}