{"id":21,"date":"2025-08-05T23:07:46","date_gmt":"2025-08-05T23:07:46","guid":{"rendered":"https:\/\/carmendiamon.com\/?page_id=21"},"modified":"2025-08-07T18:51:02","modified_gmt":"2025-08-07T18:51:02","slug":"contacto","status":"publish","type":"page","link":"https:\/\/carmendiamon.com\/index.php\/contacto\/","title":{"rendered":"Contacto"},"content":{"rendered":"\t\t<div data-elementor-type=\"wp-page\" data-elementor-id=\"21\" class=\"elementor elementor-21\">\n\t\t\t\t<div class=\"elementor-element elementor-element-18cf7cb e-flex e-con-boxed e-con e-parent\" data-id=\"18cf7cb\" data-element_type=\"container\">\n\t\t\t\t\t<div class=\"e-con-inner\">\n\t\t\t\t<div class=\"elementor-element elementor-element-823bf33 elementor-widget elementor-widget-heading\" data-id=\"823bf33\" data-element_type=\"widget\" data-widget_type=\"heading.default\">\n\t\t\t\t\t<h2 class=\"elementor-heading-title elementor-size-default\">\u00bfQuieres contactarme?<\/h2>\t\t\t\t<\/div>\n\t\t\t\t<div class=\"elementor-element elementor-element-a70f1da elementor-widget elementor-widget-heading\" data-id=\"a70f1da\" data-element_type=\"widget\" data-widget_type=\"heading.default\">\n\t\t\t\t\t<h3 class=\"elementor-heading-title elementor-size-default\">Estoy aqu\u00ed para ayudarte a transformar tu pr\u00e1ctica profesional o impulsar tu empresa.  \nCompleta el formulario o escr\u00edbeme directamente por WhatsApp y estar\u00e9 encantada de atenderte.<\/h3>\t\t\t\t<\/div>\n\t\t\t\t<div class=\"elementor-element elementor-element-477ed4e elementor-align-center elementor-widget elementor-widget-button\" data-id=\"477ed4e\" data-element_type=\"widget\" data-widget_type=\"button.default\">\n\t\t\t\t\t\t\t\t\t\t<a class=\"elementor-button elementor-button-link elementor-size-sm\" href=\"https:\/\/wa.me\/584265164450\">\n\t\t\t\t\t\t<span class=\"elementor-button-content-wrapper\">\n\t\t\t\t\t\t\t\t\t<span class=\"elementor-button-text\">\u00a1Quiero una asesor\u00eda!<\/span>\n\t\t\t\t\t<\/span>\n\t\t\t\t\t<\/a>\n\t\t\t\t\t\t\t\t<\/div>\n\t\t\t\t\t<\/div>\n\t\t\t\t<\/div>\n\t\t<div class=\"elementor-element elementor-element-e1a0c43 e-flex e-con-boxed e-con e-parent\" data-id=\"e1a0c43\" data-element_type=\"container\">\n\t\t\t\t\t<div class=\"e-con-inner\">\n\t\t\t\t<div class=\"elementor-element elementor-element-db14aec elementor-widget elementor-widget-heading\" data-id=\"db14aec\" data-element_type=\"widget\" data-widget_type=\"heading.default\">\n\t\t\t\t\t<h2 class=\"elementor-heading-title elementor-size-default\">Formulario  de consulta <\/h2>\t\t\t\t<\/div>\n\t\t\t\t\t<\/div>\n\t\t\t\t<\/div>\n\t\t<div class=\"elementor-element elementor-element-8a00ecb e-flex e-con-boxed e-con e-parent\" data-id=\"8a00ecb\" data-element_type=\"container\">\n\t\t\t\t\t<div class=\"e-con-inner\">\n\t\t\t\t<div class=\"elementor-element elementor-element-2f6a8c7 elementor-widget elementor-widget-shortcode\" data-id=\"2f6a8c7\" data-element_type=\"widget\" data-widget_type=\"shortcode.default\">\n\t\t\t\t\t\t\t<div class=\"elementor-shortcode\"><style id=\"wpforms-css-vars-182\">\n\t\t\t\t#wpforms-182 {\n\t\t\t\t--wpforms-container-padding: 0px;\n--wpforms-container-border-width: 1px;\n--wpforms-container-border-radius: 3px;\n--wpforms-background-color: rgba(0, 0, 0, 0);\n--wpforms-field-size-input-height: 43px;\n--wpforms-field-size-input-spacing: 15px;\n--wpforms-field-size-font-size: 16px;\n--wpforms-field-size-line-height: 19px;\n--wpforms-field-size-padding-h: 14px;\n--wpforms-field-size-checkbox-size: 16px;\n--wpforms-field-size-sublabel-spacing: 5px;\n--wpforms-field-size-icon-size: 1;\n--wpforms-label-size-font-size: 16px;\n--wpforms-label-size-line-height: 19px;\n--wpforms-label-size-sublabel-font-size: 14px;\n--wpforms-label-size-sublabel-line-height: 17px;\n--wpforms-button-size-font-size: 17px;\n--wpforms-button-size-height: 41px;\n--wpforms-button-size-padding-h: 15px;\n--wpforms-button-size-margin-top: 10px;\n--wpforms-container-shadow-size-box-shadow: none;\n\t\t\t}\n\t\t\t<\/style><div class=\"wpforms-container wpforms-container-full wpforms-render-modern\" id=\"wpforms-182\"><form id=\"wpforms-form-182\" class=\"wpforms-validate wpforms-form wpforms-ajax-form\" data-formid=\"182\" method=\"post\" enctype=\"multipart\/form-data\" action=\"\/index.php\/wp-json\/wp\/v2\/pages\/21\" data-token=\"280c11bb39804e1f6bea006e54dd79a1\" data-token-time=\"1776344899\"><noscript class=\"wpforms-error-noscript\">Por favor, activa JavaScript en tu navegador para completar este formulario.<\/noscript><div id=\"wpforms-error-noscript\" style=\"display: none;\">Por favor, activa JavaScript en tu navegador para completar este formulario.<\/div><div class=\"wpforms-field-container\"><div id=\"wpforms-182-field_1-container\" class=\"wpforms-field wpforms-field-name\" data-field-id=\"1\"><fieldset><legend class=\"wpforms-field-label\">Nombre <span class=\"wpforms-required-label\" aria-hidden=\"true\">*<\/span><\/legend><div class=\"wpforms-field-row wpforms-field-medium\"><div class=\"wpforms-field-row-block wpforms-first wpforms-one-half\"><input type=\"text\" id=\"wpforms-182-field_1\" class=\"wpforms-field-name-first wpforms-field-required\" name=\"wpforms[fields][1][first]\" aria-errormessage=\"wpforms-182-field_1-error\" required><label for=\"wpforms-182-field_1\" class=\"wpforms-field-sublabel after\">Nombre<\/label><\/div><div class=\"wpforms-field-row-block wpforms-one-half\"><input type=\"text\" id=\"wpforms-182-field_1-last\" class=\"wpforms-field-name-last wpforms-field-required\" name=\"wpforms[fields][1][last]\" aria-errormessage=\"wpforms-182-field_1-last-error\" required><label for=\"wpforms-182-field_1-last\" class=\"wpforms-field-sublabel after\">Apellidos<\/label><\/div><\/div><\/fieldset><\/div><div id=\"wpforms-182-field_2-container\" class=\"wpforms-field wpforms-field-email\" data-field-id=\"2\"><label class=\"wpforms-field-label\" for=\"wpforms-182-field_2\">Correo electr\u00f3nico <span class=\"wpforms-required-label\" aria-hidden=\"true\">*<\/span><\/label><input type=\"email\" id=\"wpforms-182-field_2\" class=\"wpforms-field-medium wpforms-field-required\" name=\"wpforms[fields][2]\" spellcheck=\"false\" aria-errormessage=\"wpforms-182-field_2-error\" required><\/div>\t\t<div id=\"wpforms-182-field_5-container\"\n\t\t\tclass=\"wpforms-field wpforms-field-text\"\n\t\t\tdata-field-type=\"text\"\n\t\t\tdata-field-id=\"5\"\n\t\t\t>\n\t\t\t<label class=\"wpforms-field-label\" for=\"wpforms-182-field_5\" >Correo electr\u00f3nico Nombre<\/label>\n\t\t\t<input type=\"text\" id=\"wpforms-182-field_5\" class=\"wpforms-field-medium\" name=\"wpforms[fields][5]\" >\n\t\t<\/div>\n\t\t<div id=\"wpforms-182-field_4-container\" class=\"wpforms-field wpforms-field-number\" data-field-id=\"4\"><label class=\"wpforms-field-label\" for=\"wpforms-182-field_4\">N\u00famero Telef\u00f3nico<\/label><input type=\"number\" id=\"wpforms-182-field_4\" class=\"wpforms-field-medium\" name=\"wpforms[fields][4]\" step=\"any\" aria-errormessage=\"wpforms-182-field_4-error\" ><\/div><div id=\"wpforms-182-field_3-container\" class=\"wpforms-field wpforms-field-textarea\" data-field-id=\"3\"><label class=\"wpforms-field-label\" for=\"wpforms-182-field_3\">Comentario o mensaje<\/label><textarea id=\"wpforms-182-field_3\" class=\"wpforms-field-medium\" name=\"wpforms[fields][3]\" aria-errormessage=\"wpforms-182-field_3-error\" ><\/textarea><\/div><script>\n\t\t\t\t( function() {\n\t\t\t\t\tconst style = document.createElement( 'style' );\n\t\t\t\t\tstyle.appendChild( document.createTextNode( '#wpforms-182-field_5-container { position: absolute !important; overflow: hidden !important; display: inline !important; height: 1px !important; width: 1px !important; z-index: -1000 !important; padding: 0 !important; } #wpforms-182-field_5-container input { visibility: hidden; } #wpforms-conversational-form-page #wpforms-182-field_5-container label { counter-increment: none; }' ) );\n\t\t\t\t\tdocument.head.appendChild( style );\n\t\t\t\t\tdocument.currentScript?.remove();\n\t\t\t\t} )();\n\t\t\t<\/script><\/div><!-- .wpforms-field-container --><div class=\"wpforms-submit-container\" ><input type=\"hidden\" name=\"wpforms[id]\" value=\"182\"><input type=\"hidden\" name=\"page_title\" value=\"\"><input type=\"hidden\" name=\"page_url\" value=\"https:\/\/carmendiamon.com\/index.php\/wp-json\/wp\/v2\/pages\/21\"><input type=\"hidden\" name=\"url_referer\" value=\"\"><button type=\"submit\" name=\"wpforms[submit]\" id=\"wpforms-submit-182\" class=\"wpforms-submit\" data-alt-text=\"Enviando...\" data-submit-text=\"Enviar\" aria-live=\"assertive\" value=\"wpforms-submit\">Enviar<\/button><img decoding=\"async\" src=\"https:\/\/carmendiamon.com\/wp-content\/plugins\/wpforms-lite\/assets\/images\/submit-spin.svg\" class=\"wpforms-submit-spinner\" style=\"display: none;\" width=\"26\" height=\"26\" alt=\"Cargando\"><\/div><\/form><\/div>  <!-- .wpforms-container --><\/div>\n\t\t\t\t\t\t<\/div>\n\t\t\t\t\t<\/div>\n\t\t\t\t<\/div>\n\t\t\t\t<\/div>\n\t\t","protected":false},"excerpt":{"rendered":"<p>\u00bfQuieres contactarme? Estoy aqu\u00ed para ayudarte a transformar tu pr\u00e1ctica profesional o impulsar tu empresa. Completa el formulario o escr\u00edbeme [&hellip;]<\/p>\n","protected":false},"author":1,"featured_media":0,"parent":0,"menu_order":0,"comment_status":"closed","ping_status":"closed","template":"","meta":{"_eb_attr":"","site-sidebar-layout":"no-sidebar","site-content-layout":"","ast-site-content-layout":"full-width-container","site-content-style":"default","site-sidebar-style":"default","ast-global-header-display":"","ast-banner-title-visibility":"","ast-main-header-display":"","ast-hfb-above-header-display":"","ast-hfb-below-header-display":"","ast-hfb-mobile-header-display":"","site-post-title":"disabled","ast-breadcrumbs-content":"","ast-featured-img":"disabled","footer-sml-layout":"","theme-transparent-header-meta":"","adv-header-id-meta":"","stick-header-meta":"","header-above-stick-meta":"","header-main-stick-meta":"","header-below-stick-meta":"","astra-migrate-meta-layouts":"default","ast-page-background-enabled":"default","ast-page-background-meta":{"desktop":{"background-color":"var(--ast-global-color-5)","background-image":"","background-repeat":"repeat","background-position":"center center","background-size":"auto","background-attachment":"scroll","background-type":"","background-media":"","overlay-type":"","overlay-color":"","overlay-opacity":"","overlay-gradient":""},"tablet":{"background-color":"","background-image":"","background-repeat":"repeat","background-position":"center center","background-size":"auto","background-attachment":"scroll","background-type":"","background-media":"","overlay-type":"","overlay-color":"","overlay-opacity":"","overlay-gradient":""},"mobile":{"background-color":"","background-image":"","background-repeat":"repeat","background-position":"center center","background-size":"auto","background-attachment":"scroll","background-type":"","background-media":"","overlay-type":"","overlay-color":"","overlay-opacity":"","overlay-gradient":""}},"ast-content-background-meta":{"desktop":{"background-color":"var(--ast-global-color-4)","background-image":"","background-repeat":"repeat","background-position":"center center","background-size":"auto","background-attachment":"scroll","background-type":"","background-media":"","overlay-type":"","overlay-color":"","overlay-opacity":"","overlay-gradient":""},"tablet":{"background-color":"var(--ast-global-color-4)","background-image":"","background-repeat":"repeat","background-position":"center center","background-size":"auto","background-attachment":"scroll","background-type":"","background-media":"","overlay-type":"","overlay-color":"","overlay-opacity":"","overlay-gradient":""},"mobile":{"background-color":"var(--ast-global-color-4)","background-image":"","background-repeat":"repeat","background-position":"center center","background-size":"auto","background-attachment":"scroll","background-type":"","background-media":"","overlay-type":"","overlay-color":"","overlay-opacity":"","overlay-gradient":""}},"footnotes":""},"class_list":["post-21","page","type-page","status-publish","hentry"],"yoast_head":"<!-- This site is optimized with the Yoast SEO plugin v26.0 - https:\/\/yoast.com\/wordpress\/plugins\/seo\/ -->\n<title>Contacto - Tu abogada de confianza<\/title>\n<meta name=\"robots\" content=\"index, follow, max-snippet:-1, max-image-preview:large, max-video-preview:-1\" \/>\n<link rel=\"canonical\" href=\"https:\/\/carmendiamon.com\/index.php\/contacto\/\" \/>\n<meta property=\"og:locale\" content=\"es_ES\" \/>\n<meta property=\"og:type\" content=\"article\" \/>\n<meta property=\"og:title\" content=\"Contacto - Tu abogada de confianza\" \/>\n<meta property=\"og:description\" content=\"\u00bfQuieres contactarme? Estoy aqu\u00ed para ayudarte a transformar tu pr\u00e1ctica profesional o impulsar tu empresa. Completa el formulario o escr\u00edbeme [&hellip;]\" \/>\n<meta property=\"og:url\" content=\"https:\/\/carmendiamon.com\/index.php\/contacto\/\" \/>\n<meta property=\"og:site_name\" content=\"Tu abogada de confianza\" \/>\n<meta property=\"article:publisher\" content=\"https:\/\/www.facebook.com\/abogado.carmendiamon\" \/>\n<meta property=\"article:modified_time\" content=\"2025-08-07T18:51:02+00:00\" \/>\n<meta name=\"twitter:card\" content=\"summary_large_image\" \/>\n<meta name=\"twitter:label1\" content=\"Tiempo de lectura\" \/>\n\t<meta name=\"twitter:data1\" content=\"1 minuto\" \/>\n<script type=\"application\/ld+json\" class=\"yoast-schema-graph\">{\"@context\":\"https:\/\/schema.org\",\"@graph\":[{\"@type\":\"WebPage\",\"@id\":\"https:\/\/carmendiamon.com\/index.php\/contacto\/\",\"url\":\"https:\/\/carmendiamon.com\/index.php\/contacto\/\",\"name\":\"Contacto - Tu abogada de confianza\",\"isPartOf\":{\"@id\":\"https:\/\/carmendiamon.com\/#website\"},\"datePublished\":\"2025-08-05T23:07:46+00:00\",\"dateModified\":\"2025-08-07T18:51:02+00:00\",\"breadcrumb\":{\"@id\":\"https:\/\/carmendiamon.com\/index.php\/contacto\/#breadcrumb\"},\"inLanguage\":\"es\",\"potentialAction\":[{\"@type\":\"ReadAction\",\"target\":[\"https:\/\/carmendiamon.com\/index.php\/contacto\/\"]}]},{\"@type\":\"BreadcrumbList\",\"@id\":\"https:\/\/carmendiamon.com\/index.php\/contacto\/#breadcrumb\",\"itemListElement\":[{\"@type\":\"ListItem\",\"position\":1,\"name\":\"Portada\",\"item\":\"https:\/\/carmendiamon.com\/\"},{\"@type\":\"ListItem\",\"position\":2,\"name\":\"Contacto\"}]},{\"@type\":\"WebSite\",\"@id\":\"https:\/\/carmendiamon.com\/#website\",\"url\":\"https:\/\/carmendiamon.com\/\",\"name\":\"Carmen Diamon | Asesor\u00eda y Tecnolog\u00eda Legal\",\"description\":\"\",\"publisher\":{\"@id\":\"https:\/\/carmendiamon.com\/#\/schema\/person\/44624ab628388b5d8d6ed91c9241a4ac\"},\"potentialAction\":[{\"@type\":\"SearchAction\",\"target\":{\"@type\":\"EntryPoint\",\"urlTemplate\":\"https:\/\/carmendiamon.com\/?s={search_term_string}\"},\"query-input\":{\"@type\":\"PropertyValueSpecification\",\"valueRequired\":true,\"valueName\":\"search_term_string\"}}],\"inLanguage\":\"es\"},{\"@type\":[\"Person\",\"Organization\"],\"@id\":\"https:\/\/carmendiamon.com\/#\/schema\/person\/44624ab628388b5d8d6ed91c9241a4ac\",\"name\":\"Carmen Diamon\",\"image\":{\"@type\":\"ImageObject\",\"inLanguage\":\"es\",\"@id\":\"https:\/\/carmendiamon.com\/#\/schema\/person\/image\/\",\"url\":\"https:\/\/carmendiamon.com\/wp-content\/uploads\/2025\/08\/cropped-cropped-PNG_Mesa-de-trabajo-1-7-scaled-1.png\",\"contentUrl\":\"https:\/\/carmendiamon.com\/wp-content\/uploads\/2025\/08\/cropped-cropped-PNG_Mesa-de-trabajo-1-7-scaled-1.png\",\"width\":511,\"height\":221,\"caption\":\"Carmen Diamon\"},\"logo\":{\"@id\":\"https:\/\/carmendiamon.com\/#\/schema\/person\/image\/\"},\"description\":\"Abogada con amplia experiencia en derecho corporativo, tecnolog\u00eda legal (LegalTech) y marketing jur\u00eddico. Ayudo a abogados a captar m\u00e1s clientes, optimizar su pr\u00e1ctica profesional y digitalizar sus servicios. Fundadora de Carmen Diamon Asesor\u00edas y Mentor\u00edas, un espacio dedicado a transformar el ejercicio del derecho con herramientas digitales, automatizaci\u00f3n y estrategias modernas de posicionamiento legal.\",\"sameAs\":[\"https:\/\/carmendiamon.com\",\"https:\/\/www.facebook.com\/abogado.carmendiamon\",\"https:\/\/www.instagram.com\/abogado.carmendiamon\"]}]}<\/script>\n<!-- \/ Yoast SEO plugin. -->","yoast_head_json":{"title":"Contacto - Tu abogada de confianza","robots":{"index":"index","follow":"follow","max-snippet":"max-snippet:-1","max-image-preview":"max-image-preview:large","max-video-preview":"max-video-preview:-1"},"canonical":"https:\/\/carmendiamon.com\/index.php\/contacto\/","og_locale":"es_ES","og_type":"article","og_title":"Contacto - Tu abogada de confianza","og_description":"\u00bfQuieres contactarme? Estoy aqu\u00ed para ayudarte a transformar tu pr\u00e1ctica profesional o impulsar tu empresa. Completa el formulario o escr\u00edbeme [&hellip;]","og_url":"https:\/\/carmendiamon.com\/index.php\/contacto\/","og_site_name":"Tu abogada de confianza","article_publisher":"https:\/\/www.facebook.com\/abogado.carmendiamon","article_modified_time":"2025-08-07T18:51:02+00:00","twitter_card":"summary_large_image","twitter_misc":{"Tiempo de lectura":"1 minuto"},"schema":{"@context":"https:\/\/schema.org","@graph":[{"@type":"WebPage","@id":"https:\/\/carmendiamon.com\/index.php\/contacto\/","url":"https:\/\/carmendiamon.com\/index.php\/contacto\/","name":"Contacto - Tu abogada de confianza","isPartOf":{"@id":"https:\/\/carmendiamon.com\/#website"},"datePublished":"2025-08-05T23:07:46+00:00","dateModified":"2025-08-07T18:51:02+00:00","breadcrumb":{"@id":"https:\/\/carmendiamon.com\/index.php\/contacto\/#breadcrumb"},"inLanguage":"es","potentialAction":[{"@type":"ReadAction","target":["https:\/\/carmendiamon.com\/index.php\/contacto\/"]}]},{"@type":"BreadcrumbList","@id":"https:\/\/carmendiamon.com\/index.php\/contacto\/#breadcrumb","itemListElement":[{"@type":"ListItem","position":1,"name":"Portada","item":"https:\/\/carmendiamon.com\/"},{"@type":"ListItem","position":2,"name":"Contacto"}]},{"@type":"WebSite","@id":"https:\/\/carmendiamon.com\/#website","url":"https:\/\/carmendiamon.com\/","name":"Carmen Diamon | Asesor\u00eda y Tecnolog\u00eda Legal","description":"","publisher":{"@id":"https:\/\/carmendiamon.com\/#\/schema\/person\/44624ab628388b5d8d6ed91c9241a4ac"},"potentialAction":[{"@type":"SearchAction","target":{"@type":"EntryPoint","urlTemplate":"https:\/\/carmendiamon.com\/?s={search_term_string}"},"query-input":{"@type":"PropertyValueSpecification","valueRequired":true,"valueName":"search_term_string"}}],"inLanguage":"es"},{"@type":["Person","Organization"],"@id":"https:\/\/carmendiamon.com\/#\/schema\/person\/44624ab628388b5d8d6ed91c9241a4ac","name":"Carmen Diamon","image":{"@type":"ImageObject","inLanguage":"es","@id":"https:\/\/carmendiamon.com\/#\/schema\/person\/image\/","url":"https:\/\/carmendiamon.com\/wp-content\/uploads\/2025\/08\/cropped-cropped-PNG_Mesa-de-trabajo-1-7-scaled-1.png","contentUrl":"https:\/\/carmendiamon.com\/wp-content\/uploads\/2025\/08\/cropped-cropped-PNG_Mesa-de-trabajo-1-7-scaled-1.png","width":511,"height":221,"caption":"Carmen Diamon"},"logo":{"@id":"https:\/\/carmendiamon.com\/#\/schema\/person\/image\/"},"description":"Abogada con amplia experiencia en derecho corporativo, tecnolog\u00eda legal (LegalTech) y marketing jur\u00eddico. Ayudo a abogados a captar m\u00e1s clientes, optimizar su pr\u00e1ctica profesional y digitalizar sus servicios. Fundadora de Carmen Diamon Asesor\u00edas y Mentor\u00edas, un espacio dedicado a transformar el ejercicio del derecho con herramientas digitales, automatizaci\u00f3n y estrategias modernas de posicionamiento legal.","sameAs":["https:\/\/carmendiamon.com","https:\/\/www.facebook.com\/abogado.carmendiamon","https:\/\/www.instagram.com\/abogado.carmendiamon"]}]}},"_links":{"self":[{"href":"https:\/\/carmendiamon.com\/index.php\/wp-json\/wp\/v2\/pages\/21","targetHints":{"allow":["GET"]}}],"collection":[{"href":"https:\/\/carmendiamon.com\/index.php\/wp-json\/wp\/v2\/pages"}],"about":[{"href":"https:\/\/carmendiamon.com\/index.php\/wp-json\/wp\/v2\/types\/page"}],"author":[{"embeddable":true,"href":"https:\/\/carmendiamon.com\/index.php\/wp-json\/wp\/v2\/users\/1"}],"replies":[{"embeddable":true,"href":"https:\/\/carmendiamon.com\/index.php\/wp-json\/wp\/v2\/comments?post=21"}],"version-history":[{"count":10,"href":"https:\/\/carmendiamon.com\/index.php\/wp-json\/wp\/v2\/pages\/21\/revisions"}],"predecessor-version":[{"id":188,"href":"https:\/\/carmendiamon.com\/index.php\/wp-json\/wp\/v2\/pages\/21\/revisions\/188"}],"wp:attachment":[{"href":"https:\/\/carmendiamon.com\/index.php\/wp-json\/wp\/v2\/media?parent=21"}],"curies":[{"name":"wp","href":"https:\/\/api.w.org\/{rel}","templated":true}]}}